{"id":2288,"date":"2025-01-20T11:41:13","date_gmt":"2025-01-20T10:41:13","guid":{"rendered":"https:\/\/atlantefoodservice.com\/?page_id=2288"},"modified":"2026-01-21T17:52:48","modified_gmt":"2026-01-21T16:52:48","slug":"kontakt","status":"publish","type":"page","link":"https:\/\/atlantefoodservice.com\/de\/kontakt\/","title":{"rendered":"Kontakt"},"content":{"rendered":"<h1>Ihr Partner bei jeder Herausforderung<\/h1>\n<div>\n<p>Zuverl\u00e4ssige Unterst\u00fctzung, von der Beschaffung bis zur Lieferung \u2013 mit ma\u00dfgeschneiderten L\u00f6sungen, gleichbleibender Qualit\u00e4t und einem flexiblen Ansatz.<\/p>\n<\/div>\n<p><img decoding=\"async\" src=\"\/wpsite\/wp-content\/uploads\/2025\/01\/Hero-Contatti.webp\" alt=\"Illustration f\u00fcr den Abschnitt \u201eKontaktieren Sie uns\u201c\"><\/p>\n<h2>End-to-End-L\u00f6sungen, <br \/>die den Unterschied machen<\/h2>\n<div>\n<p>Von der Produktauswahl bis zur endg\u00fcltigen Lieferung bieten wir Ihnen alles, was Sie brauchen, um Ihren Service hervorzuheben: authentische Aromen, vielseitige Formate und Ideen, die jeden professionellen Kontext unterst\u00fctzen.<\/p>\n<\/div>\n<div>\n\n<div class=\"wpcf7 no-js\" id=\"wpcf7-f1859-o1\" lang=\"de-DE\" dir=\"ltr\" data-wpcf7-id=\"1859\">\n<div class=\"screen-reader-response\"><p role=\"status\" aria-live=\"polite\" aria-atomic=\"true\"><\/p> <ul><\/ul><\/div>\n<form action=\"\/de\/wp-json\/wp\/v2\/pages\/2288#wpcf7-f1859-o1\" method=\"post\" class=\"wpcf7-form init\" aria-label=\"Contact form\" novalidate=\"novalidate\" data-status=\"init\">\n<div style=\"display: none;\">\n<input type=\"hidden\" name=\"_wpcf7\" value=\"1859\" \/>\n<input type=\"hidden\" name=\"_wpcf7_version\" value=\"6.0.3\" \/>\n<input type=\"hidden\" name=\"_wpcf7_locale\" value=\"de_DE\" \/>\n<input type=\"hidden\" name=\"_wpcf7_unit_tag\" value=\"wpcf7-f1859-o1\" \/>\n<input type=\"hidden\" name=\"_wpcf7_container_post\" value=\"0\" \/>\n<input type=\"hidden\" name=\"_wpcf7_posted_data_hash\" value=\"\" \/>\n<\/div>\n<p><label class=\"form-row\" for=\"name\"><br \/>\n<span class=\"form-label\">MEIN NAME IST<\/span><br \/>\n<span class=\"wpcf7-form-control-wrap\" data-name=\"nome\"><input size=\"40\" maxlength=\"400\" class=\"wpcf7-form-control wpcf7-text wpcf7-validates-as-required input-field\" id=\"name\" autocomplete=\"given-name\" aria-required=\"true\" aria-invalid=\"false\" placeholder=\"Geben Sie hier Ihren Namen ein\" value=\"\" type=\"text\" name=\"nome\" \/><\/span><br \/>\n<\/label>\n<\/p>\n<p><label class=\"form-row\" for=\"ctemail\"><br \/>\n<span class=\"form-label\">HIER IST MEINE E-MAIL-ADRESSE<\/span><br \/>\n<span class=\"wpcf7-form-control-wrap\" data-name=\"email\"><input size=\"40\" maxlength=\"400\" class=\"wpcf7-form-control wpcf7-email wpcf7-validates-as-required wpcf7-text wpcf7-validates-as-email input-field\" id=\"ctemail\" autocomplete=\"email\" aria-required=\"true\" aria-invalid=\"false\" placeholder=\"Geben Sie Ihre E-Mail-Adresse ein\" value=\"\" type=\"email\" name=\"email\" \/><\/span><br \/>\n<\/label>\n<\/p>\n<p><label class=\"form-row\" for=\"company\"><br \/>\n<span class=\"form-label\">ICH ARBEITE F\u00dcR<\/span><br \/>\n<span class=\"wpcf7-form-control-wrap\" data-name=\"company\"><input size=\"40\" maxlength=\"400\" class=\"wpcf7-form-control wpcf7-text input-field\" id=\"company\" autocomplete=\"organization\" aria-invalid=\"false\" placeholder=\"Geben Sie den Namen Ihres Unternehmens ein\" value=\"\" type=\"text\" name=\"company\" \/><\/span><br \/>\n<\/label>\n<\/p>\n<p><label class=\"form-row\" for=\"country\"><br \/>\n<span class=\"form-label\">MIT SITZ IN<\/span><br \/>\n<span class=\"wpcf7-form-control-wrap\" data-name=\"provincia\"><input size=\"40\" maxlength=\"400\" class=\"wpcf7-form-control wpcf7-text input-field\" id=\"country\" autocomplete=\"country-name\" aria-invalid=\"false\" placeholder=\"Geben Sie Ihren Standort ein\" value=\"\" type=\"text\" name=\"provincia\" \/><\/span><br \/>\n<\/label>\n<\/p>\n<p><label class=\"form-row\" for=\"message\"><br \/>\n<span class=\"form-label\">ICH SUCHE<\/span><br \/>\n<span class=\"wpcf7-form-control-wrap\" data-name=\"messaggio\"><input size=\"40\" maxlength=\"400\" class=\"wpcf7-form-control wpcf7-text input-field\" id=\"message\" aria-invalid=\"false\" placeholder=\"Schreiben Sie hier Ihre Nachricht\" value=\"\" type=\"text\" name=\"messaggio\" \/><\/span><br \/>\n<\/label>\n<\/p>\n<p><label class=\"form-row consent-checkbox\" for=\"consent\"><br \/>\n<span class=\"wpcf7-form-control-wrap\" data-name=\"consenso\"><span class=\"wpcf7-form-control wpcf7-acceptance\"><span class=\"wpcf7-list-item\"><label><input type=\"checkbox\" name=\"consenso\" value=\"1\" class=\"checkbox-text\" id=\"consent\" aria-invalid=\"false\" \/><span class=\"wpcf7-list-item-label\">*Ich habe die Datenschutzerkl\u00e4rung gelesen und akzeptiere sie <b><a href=\"\/de\/datenschutzerklaerung\/\" target=\"_blank\">Datenschutzerkl\u00e4rung<\/a><\/b><\/span><\/label><\/span><\/span><\/span><br \/>\n<\/label>\n<\/p>\n<p><input class=\"wpcf7-form-control wpcf7-submit has-spinner submit-button\" type=\"submit\" value=\"SEND\" \/>\n<\/p><div class=\"wpcf7-response-output\" aria-hidden=\"true\"><\/div>\n<\/form>\n<\/div>\n<\/div>\n<p><!--more--><br \/>\n<!-- {\"type\":\"layout\",\"children\":[{\"type\":\"section\",\"props\":{\"class\":\"uk-overflow-hidden afs-hero afs-contact-hero\",\"header_transparent\":true,\"height\":\"viewport\",\"height_viewport\":80,\"image_position\":\"bottom-right\",\"image_width\":600,\"padding_remove_bottom\":true,\"style\":\"secondary\",\"title_breakpoint\":\"xl\",\"title_position\":\"top-left\",\"title_rotation\":\"left\",\"vertical_align\":\"middle\",\"width\":\"default\",\"width_expand\":\"right\"},\"children\":[{\"type\":\"row\",\"props\":{\"column_gap\":\"collapse\",\"layout\":\"2-5,3-5\",\"row_gap\":\"collapse\"},\"children\":[{\"type\":\"column\",\"props\":{\"image_position\":\"center-center\",\"position_sticky_breakpoint\":\"m\",\"vertical_align\":\"middle\",\"width_medium\":\"2-5\"},\"children\":[{\"type\":\"headline\",\"props\":{\"content\":\"Ihr Partner bei jeder Herausforderung\",\"title_element\":\"h1\",\"title_style\":\"heading-large\"}},{\"type\":\"text\",\"props\":{\"column_breakpoint\":\"m\",\"content\":\"\n\n<p>Zuverl\\u00e4ssige Unterst\\u00fctzung, von der Beschaffung bis zur Lieferung \\u2013 mit ma\\u00dfgeschneiderten L\\u00f6sungen, gleichbleibender Qualit\\u00e4t und einem flexiblen Ansatz.<\\\/p>\",\"margin\":\"default\",\"text_style\":\"large\"}},{\"type\":\"button\",\"props\":{\"grid_column_gap\":\"small\",\"grid_row_gap\":\"small\",\"margin\":\"medium\",\"status\":\"disabled\"},\"children\":[{\"type\":\"button_item\",\"props\":{\"button_style\":\"default\",\"content\":\"SCOPRI DI PI\\u00d9\",\"dialog_layout\":\"modal\",\"dialog_offcanvas_flip\":true,\"icon_align\":\"left\",\"link\":\"#\"}}]}]},{\"type\":\"column\",\"props\":{\"image_position\":\"center-center\",\"image_size\":\"cover\",\"position_sticky_breakpoint\":\"m\",\"vertical_align\":\"bottom\",\"width_medium\":\"3-5\"},\"children\":[{\"type\":\"image\",\"props\":{\"blend\":false,\"image\":\"wp-content\\\/uploads\\\/2025\\\/01\\\/Hero-Contatti.webp\",\"image_alt\":\"Illustration f\\u00fcr den Abschnitt \\u201eKontaktieren Sie uns\\u201c\",\"image_svg_color\":\"emphasis\",\"margin\":\"default\",\"position\":\"relative\",\"position_bottom\":\"-83\"}}]}]}],\"name\":\"Section - Hero 3\"},{\"type\":\"section\",\"props\":{\"image_position\":\"center-center\",\"padding\":\"large\",\"style\":\"default\",\"title_breakpoint\":\"xl\",\"title_position\":\"top-left\",\"title_rotation\":\"left\",\"vertical_align\":\"middle\",\"width\":\"default\"},\"children\":[{\"type\":\"row\",\"children\":[{\"type\":\"column\",\"props\":{\"image_position\":\"center-center\",\"position_sticky_breakpoint\":\"m\"},\"children\":[{\"type\":\"headline\",\"props\":{\"content\":\"End-to-End-L\\u00f6sungen, <br \/>die den Unterschied machen\",\"text_align\":\"center\",\"title_color\":\"danger\",\"title_element\":\"h2\",\"title_style\":\"heading-medium\"}},{\"type\":\"text\",\"props\":{\"column_breakpoint\":\"m\",\"content\":\"\n\n<p>Von der Produktauswahl bis zur endg\\u00fcltigen Lieferung bieten wir Ihnen alles, was Sie brauchen, um Ihren Service hervorzuheben: authentische Aromen, vielseitige Formate und Ideen, die jeden professionellen Kontext unterst\\u00fctzen.<\\\/p>\",\"margin\":\"default\",\"text_align\":\"center\",\"text_style\":\"large\"}}]}],\"props\":{\"id\":\"scrivici\"}},{\"type\":\"row\",\"children\":[{\"type\":\"column\",\"props\":{\"image_position\":\"center-center\",\"position_sticky_breakpoint\":\"m\"},\"children\":[{\"type\":\"html\",\"props\":{\"class\":\"form-container custom-form\",\"content\":\"[contact-form-7 id=\\\"ca1b05d\\\" title=\\\"Modulo di contatto\\\"]\"},\"name\":\"form contatto\"}]}],\"props\":{\"margin\":\"large\",\"margin_remove_bottom\":true}}],\"name\":\"Section - blank\"}],\"version\":\"4.5.17\"} --><\/p>\n","protected":false},"excerpt":{"rendered":"<p>Ihr Partner bei jeder Herausforderung Zuverl\u00e4ssige Unterst\u00fctzung, von der Beschaffung bis zur Lieferung \u2013 mit ma\u00dfgeschneiderten L\u00f6sungen, gleichbleibender Qualit\u00e4t und einem flexiblen Ansatz. End-to-End-L\u00f6sungen, die den Unterschied machen Von der Produktauswahl bis zur endg\u00fcltigen Lieferung bieten wir Ihnen alles, was Sie brauchen, um Ihren Service hervorzuheben: authentische Aromen, vielseitige Formate und Ideen, die jeden professionellen [&hellip;]<\/p>\n","protected":false},"author":1,"featured_media":0,"parent":0,"menu_order":0,"comment_status":"closed","ping_status":"closed","template":"","meta":{"_acf_changed":false,"inline_featured_image":false,"footnotes":""},"class_list":["post-2288","page","type-page","status-publish","hentry"],"acf":[],"yoast_head":"<!-- This site is optimized with the Yoast SEO plugin v24.3 - https:\/\/yoast.com\/wordpress\/plugins\/seo\/ -->\n<title>Kontakt - Atlante Food Service<\/title>\n<meta name=\"robots\" content=\"index, follow, max-snippet:-1, max-image-preview:large, max-video-preview:-1\" \/>\n<link rel=\"canonical\" href=\"https:\/\/atlantefoodservice.com\/de\/kontakt\/\" \/>\n<meta property=\"og:locale\" content=\"de_DE\" \/>\n<meta property=\"og:type\" content=\"article\" \/>\n<meta property=\"og:title\" content=\"Kontakt - Atlante Food Service\" \/>\n<meta property=\"og:description\" content=\"Ihr Partner bei jeder Herausforderung Zuverl\u00e4ssige Unterst\u00fctzung, von der Beschaffung bis zur Lieferung \u2013 mit ma\u00dfgeschneiderten L\u00f6sungen, gleichbleibender Qualit\u00e4t und einem flexiblen Ansatz. End-to-End-L\u00f6sungen, die den Unterschied machen Von der Produktauswahl bis zur endg\u00fcltigen Lieferung bieten wir Ihnen alles, was Sie brauchen, um Ihren Service hervorzuheben: authentische Aromen, vielseitige Formate und Ideen, die jeden professionellen [&hellip;]\" \/>\n<meta property=\"og:url\" content=\"https:\/\/atlantefoodservice.com\/de\/kontakt\/\" \/>\n<meta property=\"og:site_name\" content=\"Atlante Food Service\" \/>\n<meta property=\"article:modified_time\" content=\"2026-01-21T16:52:48+00:00\" \/>\n<meta name=\"twitter:card\" content=\"summary_large_image\" \/>\n<script type=\"application\/ld+json\" class=\"yoast-schema-graph\">{\"@context\":\"https:\/\/schema.org\",\"@graph\":[{\"@type\":\"WebPage\",\"@id\":\"https:\/\/atlantefoodservice.com\/de\/kontakt\/\",\"url\":\"https:\/\/atlantefoodservice.com\/de\/kontakt\/\",\"name\":\"Kontakt - Atlante Food Service\",\"isPartOf\":{\"@id\":\"https:\/\/atlantefoodservice.com\/de\/#website\"},\"datePublished\":\"2025-01-20T10:41:13+00:00\",\"dateModified\":\"2026-01-21T16:52:48+00:00\",\"breadcrumb\":{\"@id\":\"https:\/\/atlantefoodservice.com\/de\/kontakt\/#breadcrumb\"},\"inLanguage\":\"de-DE\",\"potentialAction\":[{\"@type\":\"ReadAction\",\"target\":[\"https:\/\/atlantefoodservice.com\/de\/kontakt\/\"]}]},{\"@type\":\"BreadcrumbList\",\"@id\":\"https:\/\/atlantefoodservice.com\/de\/kontakt\/#breadcrumb\",\"itemListElement\":[{\"@type\":\"ListItem\",\"position\":1,\"name\":\"Home\",\"item\":\"https:\/\/atlantefoodservice.com\/de\/\"},{\"@type\":\"ListItem\",\"position\":2,\"name\":\"Kontakt\"}]},{\"@type\":\"WebSite\",\"@id\":\"https:\/\/atlantefoodservice.com\/de\/#website\",\"url\":\"https:\/\/atlantefoodservice.com\/de\/\",\"name\":\"Atlante Food Service\",\"description\":\"All-day ingredients. All-round solutions.\",\"potentialAction\":[{\"@type\":\"SearchAction\",\"target\":{\"@type\":\"EntryPoint\",\"urlTemplate\":\"https:\/\/atlantefoodservice.com\/de\/?s={search_term_string}\"},\"query-input\":{\"@type\":\"PropertyValueSpecification\",\"valueRequired\":true,\"valueName\":\"search_term_string\"}}],\"inLanguage\":\"de-DE\"}]}<\/script>\n<!-- \/ Yoast SEO plugin. -->","yoast_head_json":{"title":"Kontakt - Atlante Food Service","robots":{"index":"index","follow":"follow","max-snippet":"max-snippet:-1","max-image-preview":"max-image-preview:large","max-video-preview":"max-video-preview:-1"},"canonical":"https:\/\/atlantefoodservice.com\/de\/kontakt\/","og_locale":"de_DE","og_type":"article","og_title":"Kontakt - Atlante Food Service","og_description":"Ihr Partner bei jeder Herausforderung Zuverl\u00e4ssige Unterst\u00fctzung, von der Beschaffung bis zur Lieferung \u2013 mit ma\u00dfgeschneiderten L\u00f6sungen, gleichbleibender Qualit\u00e4t und einem flexiblen Ansatz. End-to-End-L\u00f6sungen, die den Unterschied machen Von der Produktauswahl bis zur endg\u00fcltigen Lieferung bieten wir Ihnen alles, was Sie brauchen, um Ihren Service hervorzuheben: authentische Aromen, vielseitige Formate und Ideen, die jeden professionellen [&hellip;]","og_url":"https:\/\/atlantefoodservice.com\/de\/kontakt\/","og_site_name":"Atlante Food Service","article_modified_time":"2026-01-21T16:52:48+00:00","twitter_card":"summary_large_image","schema":{"@context":"https:\/\/schema.org","@graph":[{"@type":"WebPage","@id":"https:\/\/atlantefoodservice.com\/de\/kontakt\/","url":"https:\/\/atlantefoodservice.com\/de\/kontakt\/","name":"Kontakt - Atlante Food Service","isPartOf":{"@id":"https:\/\/atlantefoodservice.com\/de\/#website"},"datePublished":"2025-01-20T10:41:13+00:00","dateModified":"2026-01-21T16:52:48+00:00","breadcrumb":{"@id":"https:\/\/atlantefoodservice.com\/de\/kontakt\/#breadcrumb"},"inLanguage":"de-DE","potentialAction":[{"@type":"ReadAction","target":["https:\/\/atlantefoodservice.com\/de\/kontakt\/"]}]},{"@type":"BreadcrumbList","@id":"https:\/\/atlantefoodservice.com\/de\/kontakt\/#breadcrumb","itemListElement":[{"@type":"ListItem","position":1,"name":"Home","item":"https:\/\/atlantefoodservice.com\/de\/"},{"@type":"ListItem","position":2,"name":"Kontakt"}]},{"@type":"WebSite","@id":"https:\/\/atlantefoodservice.com\/de\/#website","url":"https:\/\/atlantefoodservice.com\/de\/","name":"Atlante Food Service","description":"All-day ingredients. All-round solutions.","potentialAction":[{"@type":"SearchAction","target":{"@type":"EntryPoint","urlTemplate":"https:\/\/atlantefoodservice.com\/de\/?s={search_term_string}"},"query-input":{"@type":"PropertyValueSpecification","valueRequired":true,"valueName":"search_term_string"}}],"inLanguage":"de-DE"}]}},"_links":{"self":[{"href":"https:\/\/atlantefoodservice.com\/de\/wp-json\/wp\/v2\/pages\/2288","targetHints":{"allow":["GET"]}}],"collection":[{"href":"https:\/\/atlantefoodservice.com\/de\/wp-json\/wp\/v2\/pages"}],"about":[{"href":"https:\/\/atlantefoodservice.com\/de\/wp-json\/wp\/v2\/types\/page"}],"author":[{"embeddable":true,"href":"https:\/\/atlantefoodservice.com\/de\/wp-json\/wp\/v2\/users\/1"}],"replies":[{"embeddable":true,"href":"https:\/\/atlantefoodservice.com\/de\/wp-json\/wp\/v2\/comments?post=2288"}],"version-history":[{"count":3,"href":"https:\/\/atlantefoodservice.com\/de\/wp-json\/wp\/v2\/pages\/2288\/revisions"}],"predecessor-version":[{"id":2319,"href":"https:\/\/atlantefoodservice.com\/de\/wp-json\/wp\/v2\/pages\/2288\/revisions\/2319"}],"wp:attachment":[{"href":"https:\/\/atlantefoodservice.com\/de\/wp-json\/wp\/v2\/media?parent=2288"}],"curies":[{"name":"wp","href":"https:\/\/api.w.org\/{rel}","templated":true}]}}